{"id":21,"date":"2023-02-13T07:42:29","date_gmt":"2023-02-13T07:42:29","guid":{"rendered":"https:\/\/weddingphotography.lt\/index.php\/contact\/"},"modified":"2024-07-11T13:20:28","modified_gmt":"2024-07-11T13:20:28","slug":"kontaktai","status":"publish","type":"page","link":"https:\/\/weddingphotography.lt\/index.php\/kontaktai\/","title":{"rendered":"Kontaktai"},"content":{"rendered":"\t\t<div data-elementor-type=\"wp-page\" data-elementor-id=\"21\" class=\"elementor elementor-21\">\n\t\t\t\t\t\t\t\t\t<section class=\"elementor-section elementor-top-section elementor-element elementor-element-4ab50c5d elementor-section-full_width elementor-section-height-min-height elementor-section-items-stretch elementor-section-content-top elementor-section-height-default\" data-id=\"4ab50c5d\" data-element_type=\"section\" data-settings=\"{&quot;background_background&quot;:&quot;classic&quot;}\">\n\t\t\t\t\t\t<div class=\"elementor-container elementor-column-gap-no\">\n\t\t\t\t\t<div class=\"elementor-column elementor-col-100 elementor-top-column elementor-element elementor-element-7011857c\" data-id=\"7011857c\" data-element_type=\"column\">\n\t\t\t<div class=\"elementor-widget-wrap elementor-element-populated\">\n\t\t\t\t\t\t\t\t<div class=\"elementor-element elementor-element-76a926ed elementor-widget__width-initial elementor-absolute elementor-widget-tablet__width-initial elementor-widget-mobile__width-inherit elementor-widget elementor-widget-spacer\" data-id=\"76a926ed\" data-element_type=\"widget\" data-settings=\"{&quot;_position&quot;:&quot;absolute&quot;}\" data-widget_type=\"spacer.default\">\n\t\t\t\t<div class=\"elementor-widget-container\">\n\t\t\t<style>\/*! elementor - v3.11.1 - 15-02-2023 *\/\n.elementor-column .elementor-spacer-inner{height:var(--spacer-size)}.e-con{--container-widget-width:100%}.e-con-inner>.elementor-widget-spacer,.e-con>.elementor-widget-spacer{width:var(--container-widget-width,var(--spacer-size));--align-self:var(--container-widget-align-self,initial);--flex-shrink:0}.e-con-inner>.elementor-widget-spacer>.elementor-widget-container,.e-con-inner>.elementor-widget-spacer>.elementor-widget-container>.elementor-spacer,.e-con>.elementor-widget-spacer>.elementor-widget-container,.e-con>.elementor-widget-spacer>.elementor-widget-container>.elementor-spacer{height:100%}.e-con-inner>.elementor-widget-spacer>.elementor-widget-container>.elementor-spacer>.elementor-spacer-inner,.e-con>.elementor-widget-spacer>.elementor-widget-container>.elementor-spacer>.elementor-spacer-inner{height:var(--container-widget-height,var(--spacer-size))}<\/style>\t\t<div class=\"elementor-spacer\">\n\t\t\t<div class=\"elementor-spacer-inner\"><\/div>\n\t\t<\/div>\n\t\t\t\t<\/div>\n\t\t\t\t<\/div>\n\t\t\t\t<section class=\"elementor-section elementor-inner-section elementor-element elementor-element-72b32f00 elementor-section-boxed elementor-section-height-default elementor-section-height-default\" data-id=\"72b32f00\" data-element_type=\"section\">\n\t\t\t\t\t\t<div class=\"elementor-container elementor-column-gap-no\">\n\t\t\t\t\t<div class=\"elementor-column elementor-col-100 elementor-inner-column elementor-element elementor-element-59686fc5\" data-id=\"59686fc5\" data-element_type=\"column\">\n\t\t\t<div class=\"elementor-widget-wrap elementor-element-populated\">\n\t\t\t\t\t\t\t\t<div class=\"elementor-element elementor-element-9b3f2a7 elementor-invisible elementor-widget elementor-widget-heading\" data-id=\"9b3f2a7\" data-element_type=\"widget\" data-settings=\"{&quot;_animation&quot;:&quot;fadeIn&quot;}\" data-widget_type=\"heading.default\">\n\t\t\t\t<div class=\"elementor-widget-container\">\n\t\t\t<style>\/*! elementor - v3.11.1 - 15-02-2023 *\/\n.elementor-heading-title{padding:0;margin:0;line-height:1}.elementor-widget-heading .elementor-heading-title[class*=elementor-size-]>a{color:inherit;font-size:inherit;line-height:inherit}.elementor-widget-heading .elementor-heading-title.elementor-size-small{font-size:15px}.elementor-widget-heading .elementor-heading-title.elementor-size-medium{font-size:19px}.elementor-widget-heading .elementor-heading-title.elementor-size-large{font-size:29px}.elementor-widget-heading .elementor-heading-title.elementor-size-xl{font-size:39px}.elementor-widget-heading .elementor-heading-title.elementor-size-xxl{font-size:59px}<\/style><h1 class=\"elementor-heading-title elementor-size-default\">LAUKSIME SUSISIEKIANT<\/h1>\t\t<\/div>\n\t\t\t\t<\/div>\n\t\t\t\t<div class=\"elementor-element elementor-element-24cfe127 elementor-widget elementor-widget-text-editor\" data-id=\"24cfe127\" data-element_type=\"widget\" data-widget_type=\"text-editor.default\">\n\t\t\t\t<div class=\"elementor-widget-container\">\n\t\t\t<style>\/*! elementor - v3.11.1 - 15-02-2023 *\/\n.elementor-widget-text-editor.elementor-drop-cap-view-stacked .elementor-drop-cap{background-color:#818a91;color:#fff}.elementor-widget-text-editor.elementor-drop-cap-view-framed .elementor-drop-cap{color:#818a91;border:3px solid;background-color:transparent}.elementor-widget-text-editor:not(.elementor-drop-cap-view-default) .elementor-drop-cap{margin-top:8px}.elementor-widget-text-editor:not(.elementor-drop-cap-view-default) .elementor-drop-cap-letter{width:1em;height:1em}.elementor-widget-text-editor .elementor-drop-cap{float:left;text-align:center;line-height:1;font-size:50px}.elementor-widget-text-editor .elementor-drop-cap-letter{display:inline-block}<\/style>\t\t\t\t<p>Dirbame visoje Lieuvoje ir u\u017esienyje. Skambinti ir ra\u0161yti galite bet kuriuo metu.<\/p>\t\t\t\t\t\t<\/div>\n\t\t\t\t<\/div>\n\t\t\t\t<div class=\"elementor-element elementor-element-160038eb elementor-widget-divider--view-line elementor-invisible elementor-widget elementor-widget-divider\" data-id=\"160038eb\" data-element_type=\"widget\" data-settings=\"{&quot;_animation&quot;:&quot;fadeIn&quot;,&quot;_animation_delay&quot;:&quot;200&quot;}\" data-widget_type=\"divider.default\">\n\t\t\t\t<div class=\"elementor-widget-container\">\n\t\t\t<style>\/*! elementor - v3.11.1 - 15-02-2023 *\/\n.elementor-widget-divider{--divider-border-style:none;--divider-border-width:1px;--divider-color:#2c2c2c;--divider-icon-size:20px;--divider-element-spacing:10px;--divider-pattern-height:24px;--divider-pattern-size:20px;--divider-pattern-url:none;--divider-pattern-repeat:repeat-x}.elementor-widget-divider .elementor-divider{display:flex}.elementor-widget-divider .elementor-divider__text{font-size:15px;line-height:1;max-width:95%}.elementor-widget-divider .elementor-divider__element{margin:0 var(--divider-element-spacing);flex-shrink:0}.elementor-widget-divider .elementor-icon{font-size:var(--divider-icon-size)}.elementor-widget-divider .elementor-divider-separator{display:flex;margin:0;direction:ltr}.elementor-widget-divider--view-line_icon .elementor-divider-separator,.elementor-widget-divider--view-line_text .elementor-divider-separator{align-items:center}.elementor-widget-divider--view-line_icon .elementor-divider-separator:after,.elementor-widget-divider--view-line_icon .elementor-divider-separator:before,.elementor-widget-divider--view-line_text .elementor-divider-separator:after,.elementor-widget-divider--view-line_text .elementor-divider-separator:before{display:block;content:\"\";border-bottom:0;flex-grow:1;border-top:var(--divider-border-width) var(--divider-border-style) var(--divider-color)}.elementor-widget-divider--element-align-left .elementor-divider .elementor-divider-separator>.elementor-divider__svg:first-of-type{flex-grow:0;flex-shrink:100}.elementor-widget-divider--element-align-left .elementor-divider-separator:before{content:none}.elementor-widget-divider--element-align-left .elementor-divider__element{margin-left:0}.elementor-widget-divider--element-align-right .elementor-divider .elementor-divider-separator>.elementor-divider__svg:last-of-type{flex-grow:0;flex-shrink:100}.elementor-widget-divider--element-align-right .elementor-divider-separator:after{content:none}.elementor-widget-divider--element-align-right .elementor-divider__element{margin-right:0}.elementor-widget-divider:not(.elementor-widget-divider--view-line_text):not(.elementor-widget-divider--view-line_icon) .elementor-divider-separator{border-top:var(--divider-border-width) var(--divider-border-style) var(--divider-color)}.elementor-widget-divider--separator-type-pattern{--divider-border-style:none}.elementor-widget-divider--separator-type-pattern.elementor-widget-divider--view-line .elementor-divider-separator,.elementor-widget-divider--separator-type-pattern:not(.elementor-widget-divider--view-line) .elementor-divider-separator:after,.elementor-widget-divider--separator-type-pattern:not(.elementor-widget-divider--view-line) .elementor-divider-separator:before,.elementor-widget-divider--separator-type-pattern:not([class*=elementor-widget-divider--view]) .elementor-divider-separator{width:100%;min-height:var(--divider-pattern-height);-webkit-mask-size:var(--divider-pattern-size) 100%;mask-size:var(--divider-pattern-size) 100%;-webkit-mask-repeat:var(--divider-pattern-repeat);mask-repeat:var(--divider-pattern-repeat);background-color:var(--divider-color);-webkit-mask-image:var(--divider-pattern-url);mask-image:var(--divider-pattern-url)}.elementor-widget-divider--no-spacing{--divider-pattern-size:auto}.elementor-widget-divider--bg-round{--divider-pattern-repeat:round}.rtl .elementor-widget-divider .elementor-divider__text{direction:rtl}.e-con-inner>.elementor-widget-divider,.e-con>.elementor-widget-divider{width:var(--container-widget-width,100%);--flex-grow:var(--container-widget-flex-grow)}<\/style>\t\t<div class=\"elementor-divider\">\n\t\t\t<span class=\"elementor-divider-separator\">\n\t\t\t\t\t\t<\/span>\n\t\t<\/div>\n\t\t\t\t<\/div>\n\t\t\t\t<\/div>\n\t\t\t\t\t<\/div>\n\t\t<\/div>\n\t\t\t\t\t\t\t<\/div>\n\t\t<\/section>\n\t\t\t\t<div class=\"elementor-element elementor-element-1c5dfceb elementor-align-center elementor-icon-list--layout-traditional elementor-list-item-link-full_width elementor-widget elementor-widget-icon-list\" data-id=\"1c5dfceb\" data-element_type=\"widget\" data-widget_type=\"icon-list.default\">\n\t\t\t\t<div class=\"elementor-widget-container\">\n\t\t\t<link rel=\"stylesheet\" href=\"https:\/\/weddingphotography.lt\/wp-content\/plugins\/elementor\/assets\/css\/widget-icon-list.min.css\">\t\t<ul class=\"elementor-icon-list-items\">\n\t\t\t\t\t\t\t<li class=\"elementor-icon-list-item\">\n\t\t\t\t\t\t\t\t\t\t<span class=\"elementor-icon-list-text\">Telefonas: 860891858<\/span>\n\t\t\t\t\t\t\t\t\t<\/li>\n\t\t\t\t\t\t\t\t<li class=\"elementor-icon-list-item\">\n\t\t\t\t\t\t\t\t\t\t<span class=\"elementor-icon-list-text\">El.pa\u0161tas: elvinas@weddingphotography.lt<\/span>\n\t\t\t\t\t\t\t\t\t<\/li>\n\t\t\t\t\t\t<\/ul>\n\t\t\t\t<\/div>\n\t\t\t\t<\/div>\n\t\t\t\t\t<\/div>\n\t\t<\/div>\n\t\t\t\t\t\t\t<\/div>\n\t\t<\/section>\n\t\t\t\t<section class=\"elementor-section elementor-top-section elementor-element elementor-element-c1c39b1 elementor-section-boxed elementor-section-height-default elementor-section-height-default\" data-id=\"c1c39b1\" data-element_type=\"section\">\n\t\t\t\t\t\t<div class=\"elementor-container elementor-column-gap-default\">\n\t\t\t\t\t<div class=\"elementor-column elementor-col-100 elementor-top-column elementor-element elementor-element-6a44ff7\" data-id=\"6a44ff7\" data-element_type=\"column\">\n\t\t\t<div class=\"elementor-widget-wrap elementor-element-populated\">\n\t\t\t\t\t\t\t\t<div class=\"elementor-element elementor-element-af05893 elementor-widget elementor-widget-elementskit-social-media\" data-id=\"af05893\" data-element_type=\"widget\" data-widget_type=\"elementskit-social-media.default\">\n\t\t\t\t<div class=\"elementor-widget-container\">\n\t\t\t<div class=\"ekit-wid-con\" >\t\t\t <ul class=\"ekit_social_media\">\n\t\t\t\t\t\t\t\t\t\t\t\t\t\t<li class=\"elementor-repeater-item-75b925d\">\n\t\t\t\t\t    <a\n\t\t\t\t\t\thref=\"https:\/\/www.facebook.com\/weddingphotographylt\" class=\"facebook\" >\n\t\t\t\t\t\t\t\t\t\t\t\t\t\t\n\t\t\t\t\t\t\t<i aria-hidden=\"true\" class=\"icon icon-facebook\"><\/i>\t\t\t\t\t\t\t\t\t\n                                                                                                            <\/a>\n                    <\/li>\n                    \t\t\t\t\t\t\t\t\t\t\t\t\t\t<li class=\"elementor-repeater-item-86c236b\">\n\t\t\t\t\t    <a\n\t\t\t\t\t\thref=\"https:\/\/instagram.com\/weddingphotography.lt\" class=\"instagram\" >\n\t\t\t\t\t\t\t\t\t\t\t\t\t\t\n\t\t\t\t\t\t\t<i aria-hidden=\"true\" class=\"fab fa-instagram\"><\/i>\t\t\t\t\t\t\t\t\t\n                                                                                                            <\/a>\n                    <\/li>\n                    \t\t\t\t\t\t\t\t\t\t\t\t\t\t<li class=\"elementor-repeater-item-9a7ea0d\">\n\t\t\t\t\t    <a\n\t\t\t\t\t\thref=\"https:\/\/www.youtube.com\/@weddingvideolt\" class=\"v\" >\n\t\t\t\t\t\t\t\t\t\t\t\t\t\t\n\t\t\t\t\t\t\t<i aria-hidden=\"true\" class=\"icon icon-youtube-v\"><\/i>\t\t\t\t\t\t\t\t\t\n                                                                                                            <\/a>\n                    <\/li>\n                    \t\t\t\t\t\t\t<\/ul>\n\t\t<\/div>\t\t<\/div>\n\t\t\t\t<\/div>\n\t\t\t\t\t<\/div>\n\t\t<\/div>\n\t\t\t\t\t\t\t<\/div>\n\t\t<\/section>\n\t\t\t\t\t\t\t<\/div>\n\t\t","protected":false},"excerpt":{"rendered":"<p>LAUKSIME SUSISIEKIANT Dirbame visoje Lieuvoje ir u\u017esienyje. Skambinti ir ra\u0161yti galite bet kuriuo metu. Telefonas: 860891858 El.pa\u0161tas: elvinas@weddingphotography.lt<\/p>\n","protected":false},"author":1,"featured_media":0,"parent":0,"menu_order":0,"comment_status":"closed","ping_status":"closed","template":"","meta":[],"yoast_head":"<!-- This site is optimized with the Yoast SEO plugin v20.1 - https:\/\/yoast.com\/wordpress\/plugins\/seo\/ -->\n<title>Kontaktai - WeddingVideo.LT<\/title>\n<meta name=\"description\" content=\"Vestuvi\u0173 fotografas ir operatorius, kuris \u012fam\u017eint\u0173 j\u016bs\u0173 ypating\u0105 dien\u0105 u\u017e ger\u0105 kain\u0105. M\u016bs\u0173 patyrusi\u0173 profesional\u0173 komanda specializuojasi kuriant nuostabias, nesenstan\u010dias nuotraukas ir vaizdo \u012fra\u0161us, kurie pad\u0117s i\u0161 naujo i\u0161gyventi savo vestuvi\u0173 dien\u0105 ilgus metus. Suprantame, kad J\u016bs\u0173 vestuvi\u0173 diena yra viena svarbiausi\u0173 J\u016bs\u0173 gyvenimo dien\u0173, tod\u0117l esame pasiry\u017e\u0119 suteikti Jums i\u0161skirtines paslaugas ir kokybi\u0161k\u0105 darb\u0105. Susisiekite su mumis \u0161iandien, kad su\u017einotum\u0117te daugiau apie m\u016bs\u0173 vestuvi\u0173 fotografavimo ir vaizdo \u012fra\u0161ymo paslaugas bei susitartum\u0117te d\u0117l konsultacijos. Leiskite mums pad\u0117ti jums \u012fam\u017einti prisiminimus, kurie i\u0161liks vis\u0105 gyvenim\u0105. Vestuvi\u0173 fotografas ir filmuotojas Vilniuje, Kaune ir kitose Lietuvos miestose.\" \/>\n<meta name=\"robots\" content=\"index, follow, max-snippet:-1, max-image-preview:large, max-video-preview:-1\" \/>\n<link rel=\"canonical\" href=\"https:\/\/weddingphotography.lt\/index.php\/kontaktai\/\" \/>\n<meta property=\"og:locale\" content=\"en_US\" \/>\n<meta property=\"og:type\" content=\"article\" \/>\n<meta property=\"og:title\" content=\"Vestuvi\u0173 filmavimas ir fotografija\" \/>\n<meta property=\"og:description\" content=\"Vestuvi\u0173 fotografas ir operatorius, kuris \u012fam\u017eint\u0173 j\u016bs\u0173 ypating\u0105 dien\u0105 u\u017e ger\u0105 kain\u0105. M\u016bs\u0173 patyrusi\u0173 profesional\u0173 komanda specializuojasi kuriant nuostabias, nesenstan\u010dias nuotraukas ir vaizdo \u012fra\u0161us, kurie pad\u0117s i\u0161 naujo i\u0161gyventi savo vestuvi\u0173 dien\u0105 ilgus metus. Suprantame, kad J\u016bs\u0173 vestuvi\u0173 diena yra viena svarbiausi\u0173 J\u016bs\u0173 gyvenimo dien\u0173, tod\u0117l esame pasiry\u017e\u0119 suteikti Jums i\u0161skirtines paslaugas ir kokybi\u0161k\u0105 darb\u0105. Susisiekite su mumis \u0161iandien, kad su\u017einotum\u0117te daugiau apie m\u016bs\u0173 vestuvi\u0173 fotografavimo ir vaizdo \u012fra\u0161ymo paslaugas bei susitartum\u0117te d\u0117l konsultacijos. Leiskite mums pad\u0117ti jums \u012fam\u017einti prisiminimus, kurie i\u0161liks vis\u0105 gyvenim\u0105. Vestuvi\u0173 fotografas ir filmuotojas Vilniuje, Kaune ir kitose Lietuvos miestose.\" \/>\n<meta property=\"og:url\" content=\"https:\/\/weddingphotography.lt\/index.php\/kontaktai\/\" \/>\n<meta property=\"og:site_name\" content=\"WeddingVideo.LT\" \/>\n<meta property=\"article:publisher\" content=\"https:\/\/facebook.com\/weddingphotography.lt\" \/>\n<meta property=\"article:modified_time\" content=\"2024-07-11T13:20:28+00:00\" \/>\n<meta property=\"og:image\" content=\"https:\/\/weddingphotography.lt\/wp-content\/uploads\/2023\/02\/254588496_2599536570191811_8798730387783051176_n.jpg\" \/>\n\t<meta property=\"og:image:width\" content=\"1365\" \/>\n\t<meta property=\"og:image:height\" content=\"2048\" \/>\n\t<meta property=\"og:image:type\" content=\"image\/jpeg\" \/>\n<meta name=\"twitter:card\" content=\"summary_large_image\" \/>\n<meta name=\"twitter:label1\" content=\"Est. reading time\" \/>\n\t<meta name=\"twitter:data1\" content=\"1 minute\" \/>\n<script type=\"application\/ld+json\" class=\"yoast-schema-graph\">{\"@context\":\"https:\/\/schema.org\",\"@graph\":[{\"@type\":\"WebPage\",\"@id\":\"https:\/\/weddingphotography.lt\/index.php\/kontaktai\/\",\"url\":\"https:\/\/weddingphotography.lt\/index.php\/kontaktai\/\",\"name\":\"Kontaktai - WeddingVideo.LT\",\"isPartOf\":{\"@id\":\"https:\/\/weddingvideo.lt\/#website\"},\"datePublished\":\"2023-02-13T07:42:29+00:00\",\"dateModified\":\"2024-07-11T13:20:28+00:00\",\"description\":\"Vestuvi\u0173 fotografas ir operatorius, kuris \u012fam\u017eint\u0173 j\u016bs\u0173 ypating\u0105 dien\u0105 u\u017e ger\u0105 kain\u0105. M\u016bs\u0173 patyrusi\u0173 profesional\u0173 komanda specializuojasi kuriant nuostabias, nesenstan\u010dias nuotraukas ir vaizdo \u012fra\u0161us, kurie pad\u0117s i\u0161 naujo i\u0161gyventi savo vestuvi\u0173 dien\u0105 ilgus metus. Suprantame, kad J\u016bs\u0173 vestuvi\u0173 diena yra viena svarbiausi\u0173 J\u016bs\u0173 gyvenimo dien\u0173, tod\u0117l esame pasiry\u017e\u0119 suteikti Jums i\u0161skirtines paslaugas ir kokybi\u0161k\u0105 darb\u0105. Susisiekite su mumis \u0161iandien, kad su\u017einotum\u0117te daugiau apie m\u016bs\u0173 vestuvi\u0173 fotografavimo ir vaizdo \u012fra\u0161ymo paslaugas bei susitartum\u0117te d\u0117l konsultacijos. Leiskite mums pad\u0117ti jums \u012fam\u017einti prisiminimus, kurie i\u0161liks vis\u0105 gyvenim\u0105. Vestuvi\u0173 fotografas ir filmuotojas Vilniuje, Kaune ir kitose Lietuvos miestose.\",\"breadcrumb\":{\"@id\":\"https:\/\/weddingphotography.lt\/index.php\/kontaktai\/#breadcrumb\"},\"inLanguage\":\"en-US\",\"potentialAction\":[{\"@type\":\"ReadAction\",\"target\":[\"https:\/\/weddingphotography.lt\/index.php\/kontaktai\/\"]}]},{\"@type\":\"BreadcrumbList\",\"@id\":\"https:\/\/weddingphotography.lt\/index.php\/kontaktai\/#breadcrumb\",\"itemListElement\":[{\"@type\":\"ListItem\",\"position\":1,\"name\":\"Home\",\"item\":\"https:\/\/weddingphotography.lt\/\"},{\"@type\":\"ListItem\",\"position\":2,\"name\":\"Kontaktai\"}]},{\"@type\":\"WebSite\",\"@id\":\"https:\/\/weddingvideo.lt\/#website\",\"url\":\"https:\/\/weddingvideo.lt\/\",\"name\":\"WeddingPhotography.lt\",\"description\":\"Vestuvi\u0173 Fotografija ir Filmavimas Lietuvoje\",\"publisher\":{\"@id\":\"https:\/\/weddingvideo.lt\/#organization\"},\"potentialAction\":[{\"@type\":\"SearchAction\",\"target\":{\"@type\":\"EntryPoint\",\"urlTemplate\":\"https:\/\/weddingvideo.lt\/?s={search_term_string}\"},\"query-input\":\"required name=search_term_string\"}],\"inLanguage\":\"en-US\"},{\"@type\":\"Organization\",\"@id\":\"https:\/\/weddingvideo.lt\/#organization\",\"name\":\"WeddingPhotography.lt\",\"url\":\"https:\/\/weddingvideo.lt\/\",\"logo\":{\"@type\":\"ImageObject\",\"inLanguage\":\"en-US\",\"@id\":\"https:\/\/weddingvideo.lt\/#\/schema\/logo\/image\/\",\"url\":\"https:\/\/weddingphotography.lt\/wp-content\/uploads\/2023\/02\/cropped-cropped-wedding-services-logo-maker-with-calligraphy-font-1379b-2.png\",\"contentUrl\":\"https:\/\/weddingphotography.lt\/wp-content\/uploads\/2023\/02\/cropped-cropped-wedding-services-logo-maker-with-calligraphy-font-1379b-2.png\",\"width\":512,\"height\":512,\"caption\":\"WeddingPhotography.lt\"},\"image\":{\"@id\":\"https:\/\/weddingvideo.lt\/#\/schema\/logo\/image\/\"},\"sameAs\":[\"https:\/\/facebook.com\/weddingphotography.lt\",\"https:\/\/instagram.com\/weddingphotography.lt\"]}]}<\/script>\n<!-- \/ Yoast SEO plugin. -->","yoast_head_json":{"title":"Kontaktai - WeddingVideo.LT","description":"Vestuvi\u0173 fotografas ir operatorius, kuris \u012fam\u017eint\u0173 j\u016bs\u0173 ypating\u0105 dien\u0105 u\u017e ger\u0105 kain\u0105. M\u016bs\u0173 patyrusi\u0173 profesional\u0173 komanda specializuojasi kuriant nuostabias, nesenstan\u010dias nuotraukas ir vaizdo \u012fra\u0161us, kurie pad\u0117s i\u0161 naujo i\u0161gyventi savo vestuvi\u0173 dien\u0105 ilgus metus. Suprantame, kad J\u016bs\u0173 vestuvi\u0173 diena yra viena svarbiausi\u0173 J\u016bs\u0173 gyvenimo dien\u0173, tod\u0117l esame pasiry\u017e\u0119 suteikti Jums i\u0161skirtines paslaugas ir kokybi\u0161k\u0105 darb\u0105. Susisiekite su mumis \u0161iandien, kad su\u017einotum\u0117te daugiau apie m\u016bs\u0173 vestuvi\u0173 fotografavimo ir vaizdo \u012fra\u0161ymo paslaugas bei susitartum\u0117te d\u0117l konsultacijos. Leiskite mums pad\u0117ti jums \u012fam\u017einti prisiminimus, kurie i\u0161liks vis\u0105 gyvenim\u0105. Vestuvi\u0173 fotografas ir filmuotojas Vilniuje, Kaune ir kitose Lietuvos miestose.","robots":{"index":"index","follow":"follow","max-snippet":"max-snippet:-1","max-image-preview":"max-image-preview:large","max-video-preview":"max-video-preview:-1"},"canonical":"https:\/\/weddingphotography.lt\/index.php\/kontaktai\/","og_locale":"en_US","og_type":"article","og_title":"Vestuvi\u0173 filmavimas ir fotografija","og_description":"Vestuvi\u0173 fotografas ir operatorius, kuris \u012fam\u017eint\u0173 j\u016bs\u0173 ypating\u0105 dien\u0105 u\u017e ger\u0105 kain\u0105. M\u016bs\u0173 patyrusi\u0173 profesional\u0173 komanda specializuojasi kuriant nuostabias, nesenstan\u010dias nuotraukas ir vaizdo \u012fra\u0161us, kurie pad\u0117s i\u0161 naujo i\u0161gyventi savo vestuvi\u0173 dien\u0105 ilgus metus. Suprantame, kad J\u016bs\u0173 vestuvi\u0173 diena yra viena svarbiausi\u0173 J\u016bs\u0173 gyvenimo dien\u0173, tod\u0117l esame pasiry\u017e\u0119 suteikti Jums i\u0161skirtines paslaugas ir kokybi\u0161k\u0105 darb\u0105. Susisiekite su mumis \u0161iandien, kad su\u017einotum\u0117te daugiau apie m\u016bs\u0173 vestuvi\u0173 fotografavimo ir vaizdo \u012fra\u0161ymo paslaugas bei susitartum\u0117te d\u0117l konsultacijos. Leiskite mums pad\u0117ti jums \u012fam\u017einti prisiminimus, kurie i\u0161liks vis\u0105 gyvenim\u0105. Vestuvi\u0173 fotografas ir filmuotojas Vilniuje, Kaune ir kitose Lietuvos miestose.","og_url":"https:\/\/weddingphotography.lt\/index.php\/kontaktai\/","og_site_name":"WeddingVideo.LT","article_publisher":"https:\/\/facebook.com\/weddingphotography.lt","article_modified_time":"2024-07-11T13:20:28+00:00","og_image":[{"width":1365,"height":2048,"url":"https:\/\/weddingphotography.lt\/wp-content\/uploads\/2023\/02\/254588496_2599536570191811_8798730387783051176_n.jpg","type":"image\/jpeg"}],"twitter_card":"summary_large_image","twitter_misc":{"Est. reading time":"1 minute"},"schema":{"@context":"https:\/\/schema.org","@graph":[{"@type":"WebPage","@id":"https:\/\/weddingphotography.lt\/index.php\/kontaktai\/","url":"https:\/\/weddingphotography.lt\/index.php\/kontaktai\/","name":"Kontaktai - WeddingVideo.LT","isPartOf":{"@id":"https:\/\/weddingvideo.lt\/#website"},"datePublished":"2023-02-13T07:42:29+00:00","dateModified":"2024-07-11T13:20:28+00:00","description":"Vestuvi\u0173 fotografas ir operatorius, kuris \u012fam\u017eint\u0173 j\u016bs\u0173 ypating\u0105 dien\u0105 u\u017e ger\u0105 kain\u0105. M\u016bs\u0173 patyrusi\u0173 profesional\u0173 komanda specializuojasi kuriant nuostabias, nesenstan\u010dias nuotraukas ir vaizdo \u012fra\u0161us, kurie pad\u0117s i\u0161 naujo i\u0161gyventi savo vestuvi\u0173 dien\u0105 ilgus metus. Suprantame, kad J\u016bs\u0173 vestuvi\u0173 diena yra viena svarbiausi\u0173 J\u016bs\u0173 gyvenimo dien\u0173, tod\u0117l esame pasiry\u017e\u0119 suteikti Jums i\u0161skirtines paslaugas ir kokybi\u0161k\u0105 darb\u0105. Susisiekite su mumis \u0161iandien, kad su\u017einotum\u0117te daugiau apie m\u016bs\u0173 vestuvi\u0173 fotografavimo ir vaizdo \u012fra\u0161ymo paslaugas bei susitartum\u0117te d\u0117l konsultacijos. Leiskite mums pad\u0117ti jums \u012fam\u017einti prisiminimus, kurie i\u0161liks vis\u0105 gyvenim\u0105. Vestuvi\u0173 fotografas ir filmuotojas Vilniuje, Kaune ir kitose Lietuvos miestose.","breadcrumb":{"@id":"https:\/\/weddingphotography.lt\/index.php\/kontaktai\/#breadcrumb"},"inLanguage":"en-US","potentialAction":[{"@type":"ReadAction","target":["https:\/\/weddingphotography.lt\/index.php\/kontaktai\/"]}]},{"@type":"BreadcrumbList","@id":"https:\/\/weddingphotography.lt\/index.php\/kontaktai\/#breadcrumb","itemListElement":[{"@type":"ListItem","position":1,"name":"Home","item":"https:\/\/weddingphotography.lt\/"},{"@type":"ListItem","position":2,"name":"Kontaktai"}]},{"@type":"WebSite","@id":"https:\/\/weddingvideo.lt\/#website","url":"https:\/\/weddingvideo.lt\/","name":"WeddingPhotography.lt","description":"Vestuvi\u0173 Fotografija ir Filmavimas Lietuvoje","publisher":{"@id":"https:\/\/weddingvideo.lt\/#organization"},"potentialAction":[{"@type":"SearchAction","target":{"@type":"EntryPoint","urlTemplate":"https:\/\/weddingvideo.lt\/?s={search_term_string}"},"query-input":"required name=search_term_string"}],"inLanguage":"en-US"},{"@type":"Organization","@id":"https:\/\/weddingvideo.lt\/#organization","name":"WeddingPhotography.lt","url":"https:\/\/weddingvideo.lt\/","logo":{"@type":"ImageObject","inLanguage":"en-US","@id":"https:\/\/weddingvideo.lt\/#\/schema\/logo\/image\/","url":"https:\/\/weddingphotography.lt\/wp-content\/uploads\/2023\/02\/cropped-cropped-wedding-services-logo-maker-with-calligraphy-font-1379b-2.png","contentUrl":"https:\/\/weddingphotography.lt\/wp-content\/uploads\/2023\/02\/cropped-cropped-wedding-services-logo-maker-with-calligraphy-font-1379b-2.png","width":512,"height":512,"caption":"WeddingPhotography.lt"},"image":{"@id":"https:\/\/weddingvideo.lt\/#\/schema\/logo\/image\/"},"sameAs":["https:\/\/facebook.com\/weddingphotography.lt","https:\/\/instagram.com\/weddingphotography.lt"]}]}},"_links":{"self":[{"href":"https:\/\/weddingphotography.lt\/index.php\/wp-json\/wp\/v2\/pages\/21"}],"collection":[{"href":"https:\/\/weddingphotography.lt\/index.php\/wp-json\/wp\/v2\/pages"}],"about":[{"href":"https:\/\/weddingphotography.lt\/index.php\/wp-json\/wp\/v2\/types\/page"}],"author":[{"embeddable":true,"href":"https:\/\/weddingphotography.lt\/index.php\/wp-json\/wp\/v2\/users\/1"}],"replies":[{"embeddable":true,"href":"https:\/\/weddingphotography.lt\/index.php\/wp-json\/wp\/v2\/comments?post=21"}],"version-history":[{"count":37,"href":"https:\/\/weddingphotography.lt\/index.php\/wp-json\/wp\/v2\/pages\/21\/revisions"}],"predecessor-version":[{"id":398757,"href":"https:\/\/weddingphotography.lt\/index.php\/wp-json\/wp\/v2\/pages\/21\/revisions\/398757"}],"wp:attachment":[{"href":"https:\/\/weddingphotography.lt\/index.php\/wp-json\/wp\/v2\/media?parent=21"}],"curies":[{"name":"wp","href":"https:\/\/api.w.org\/{rel}","templated":true}]}}